{"id":1729,"date":"2022-03-28T08:38:19","date_gmt":"2022-03-28T06:38:19","guid":{"rendered":"https:\/\/nobleestate.de\/imprimer\/"},"modified":"2022-08-19T13:14:08","modified_gmt":"2022-08-19T11:14:08","slug":"imprimer","status":"publish","type":"page","link":"https:\/\/nobleestate.de\/fr\/imprimer\/","title":{"rendered":"imprimer"},"content":{"rendered":"[vc_row type=\u00a0\u00bbin_container\u00a0\u00bb full_screen_row_position=\u00a0\u00bbmiddle\u00a0\u00bb column_margin=\u00a0\u00bbdefault\u00a0\u00bb column_direction=\u00a0\u00bbdefault\u00a0\u00bb column_direction_tablet=\u00a0\u00bbdefault\u00a0\u00bb column_direction_phone=\u00a0\u00bbdefault\u00a0\u00bb scene_position=\u00a0\u00bbcenter\u00a0\u00bb text_color=\u00a0\u00bbdark\u00a0\u00bb text_align=\u00a0\u00bbleft\u00a0\u00bb row_border_radius=\u00a0\u00bbnone\u00a0\u00bb row_border_radius_applies=\u00a0\u00bbbg\u00a0\u00bb overflow=\u00a0\u00bbvisible\u00a0\u00bb overlay_strength=\u00a0\u00bb0.3&Prime; gradient_direction=\u00a0\u00bbleft_to_right\u00a0\u00bb shape_divider_position=\u00a0\u00bbbottom\u00a0\u00bb bg_image_animation=\u00a0\u00bbnone\u00a0\u00bb][vc_column column_padding=\u00a0\u00bbno-extra-padding\u00a0\u00bb column_padding_tablet=\u00a0\u00bbinherit\u00a0\u00bb column_padding_phone=\u00a0\u00bbinherit\u00a0\u00bb column_padding_position=\u00a0\u00bball\u00a0\u00bb column_element_spacing=\u00a0\u00bbdefault\u00a0\u00bb background_color_opacity=\u00a0\u00bb1&Prime; background_hover_color_opacity=\u00a0\u00bb1&Prime; column_shadow=\u00a0\u00bbnone\u00a0\u00bb column_border_radius=\u00a0\u00bbnone\u00a0\u00bb column_link_target=\u00a0\u00bb_self\u00a0\u00bb column_position=\u00a0\u00bbdefault\u00a0\u00bb gradient_direction=\u00a0\u00bbleft_to_right\u00a0\u00bb overlay_strength=\u00a0\u00bb0.3&Prime; width=\u00a0\u00bb2\/3&Prime; tablet_width_inherit=\u00a0\u00bbdefault\u00a0\u00bb tablet_text_alignment=\u00a0\u00bbdefault\u00a0\u00bb phone_text_alignment=\u00a0\u00bbdefault\u00a0\u00bb animation_type=\u00a0\u00bbdefault\u00a0\u00bb bg_image_animation=\u00a0\u00bbnone\u00a0\u00bb border_type=\u00a0\u00bbsimple\u00a0\u00bb column_border_width=\u00a0\u00bbnone\u00a0\u00bb column_border_style=\u00a0\u00bbsolid\u00a0\u00bb][vc_column_text]\n<h1>imprimer<\/h1>\n[\/vc_column_text][vc_column_text]Noble Estate GmbH<br \/>\nDirecteur g\u00e9n\u00e9ral : Said Babamiri<\/p>\n<p>104, rue du Sable<br \/>\n40789 Monheim am Rhein<\/p>\n<p>T\u00e9l. : +49 (0) 2173 9936843<br \/>\nCourrier \u00e9lectronique : <a href=\"&#x6d;&#97;i&#x6c;&#116;o&#x3a;&#x69;&#110;&#x66;&#x6f;&#64;n&#x6f;&#98;l&#x65;&#x65;&#115;&#x74;&#x61;&#116;e&#x2e;&#100;e\">&#x69;&#x6e;&#x66;&#x6f;&#64;&#110;&#111;&#98;lee&#x73;&#x74;&#x61;&#x74;&#x65;&#46;&#100;&#101;<\/a><\/p>\n<p>Tribunal d&rsquo;enregistrement : Tribunal d&rsquo;instance de D\u00fcsseldorf<br \/>\nNum\u00e9ro d&rsquo;enregistrement : HRB 88335<\/p>\n<p>Agents immobiliers, d\u00e9veloppeurs de projets et promoteurs immobiliers selon le \u00a7 34 c al. 1 phrase 1 n\u00b0 1 GewO par le service d&rsquo;ordre de la ville de Mettmann<span class=\"LrzXr\">(Neanderstra\u00dfe 85, 40822 Mettmann)<\/span><\/p>\n<p>La Commission europ\u00e9enne a mis en place une plateforme Internet pour le r\u00e8glement en ligne des litiges (plateforme OSP) entre les professionnels et les consommateurs. La plateforme de RLL est accessible \u00e0 l&rsquo;adresse <a href=\"https:\/\/ec.europa.eu\/consumers\/odr\" target=\"_blank\" rel=\"noopener\">suivante : https:\/\/ec.europa.eu\/consumers\/odr\/<\/a><\/p>\n<p>Nous ne sommes pas dispos\u00e9s \u00e0 participer \u00e0 une proc\u00e9dure de r\u00e8glement des litiges devant un organisme de conciliation des consommateurs et n&rsquo;y sommes pas tenus.[\/vc_column_text][\/vc_column][vc_column column_padding=\u00a0\u00bbno-extra-padding\u00a0\u00bb column_padding_tablet=\u00a0\u00bbinherit\u00a0\u00bb column_padding_phone=\u00a0\u00bbinherit\u00a0\u00bb column_padding_position=\u00a0\u00bball\u00a0\u00bb column_element_spacing=\u00a0\u00bbdefault\u00a0\u00bb background_color_opacity=\u00a0\u00bb1&Prime; background_hover_color_opacity=\u00a0\u00bb1&Prime; column_shadow=\u00a0\u00bbnone\u00a0\u00bb column_border_radius=\u00a0\u00bbnone\u00a0\u00bb column_link_target=\u00a0\u00bb_self\u00a0\u00bb column_position=\u00a0\u00bbdefault\u00a0\u00bb gradient_direction=\u00a0\u00bbleft_to_right\u00a0\u00bb overlay_strength=\u00a0\u00bb0.3&Prime; width=\u00a0\u00bb1\/3&Prime; tablet_width_inherit=\u00a0\u00bbdefault\u00a0\u00bb tablet_text_alignment=\u00a0\u00bbdefault\u00a0\u00bb phone_text_alignment=\u00a0\u00bbdefault\u00a0\u00bb animation_type=\u00a0\u00bbdefault\u00a0\u00bb bg_image_animation=\u00a0\u00bbnone\u00a0\u00bb border_type=\u00a0\u00bbsimple\u00a0\u00bb column_border_width=\u00a0\u00bbnone\u00a0\u00bb column_border_style=\u00a0\u00bbsolid\u00a0\u00bb][\/vc_column][\/vc_row]\n","protected":false},"excerpt":{"rendered":"<p>[vc_row type=\u00a0\u00bbin_container\u00a0\u00bb full_screen_row_position=\u00a0\u00bbmiddle\u00a0\u00bb column_margin=\u00a0\u00bbdefault\u00a0\u00bb column_direction=\u00a0\u00bbdefault\u00a0\u00bb column_direction_tablet=\u00a0\u00bbdefault\u00a0\u00bb column_direction_phone=\u00a0\u00bbdefault\u00a0\u00bb scene_position=\u00a0\u00bbcenter\u00a0\u00bb text_color=\u00a0\u00bbdark\u00a0\u00bb text_align=\u00a0\u00bbleft\u00a0\u00bb row_border_radius=\u00a0\u00bbnone\u00a0\u00bb row_border_radius_applies=\u00a0\u00bbbg\u00a0\u00bb overflow=\u00a0\u00bbvisible\u00a0\u00bb overlay_strength=\u00a0\u00bb0.3&Prime; gradient_direction=\u00a0\u00bbleft_to_right\u00a0\u00bb shape_divider_position=\u00a0\u00bbbottom\u00a0\u00bb bg_image_animation=\u00a0\u00bbnone\u00a0\u00bb][vc_column column_padding=\u00a0\u00bbno-extra-padding\u00a0\u00bb column_padding_tablet=\u00a0\u00bbinherit\u00a0\u00bb column_padding_phone=\u00a0\u00bbinherit\u00a0\u00bb column_padding_position=\u00a0\u00bball\u00a0\u00bb column_element_spacing=\u00a0\u00bbdefault\u00a0\u00bb background_color_opacity=\u00a0\u00bb1&Prime; background_hover_color_opacity=\u00a0\u00bb1&Prime; column_shadow=\u00a0\u00bbnone\u00a0\u00bb column_border_radius=\u00a0\u00bbnone\u00a0\u00bb column_link_target=\u00a0\u00bb_self\u00a0\u00bb column_position=\u00a0\u00bbdefault\u00a0\u00bb gradient_direction=\u00a0\u00bbleft_to_right\u00a0\u00bb overlay_strength=\u00a0\u00bb0.3&Prime;&#8230;<\/p>\n","protected":false},"author":1,"featured_media":0,"parent":0,"menu_order":0,"comment_status":"closed","ping_status":"closed","template":"","meta":{"footnotes":""},"class_list":["post-1729","page","type-page","status-publish"],"yoast_head":"<!-- This site is optimized with the Yoast SEO plugin v27.3 - https:\/\/yoast.com\/product\/yoast-seo-wordpress\/ -->\n<title>imprimer - Noble Estate - Projektentwicklung<\/title>\n<meta name=\"description\" content=\"Mentions l\u00e9gales. Noble Estate GmbH. Sandstrasse 104, 40789 Monheim am Rhein. T\u00e9l. : +49 (0) 2173 9936843. E-mail : info@nobleestate.de. Contact.\" \/>\n<meta name=\"robots\" content=\"index, follow, max-snippet:-1, max-image-preview:large, max-video-preview:-1\" \/>\n<link rel=\"canonical\" href=\"https:\/\/nobleestate.de\/fr\/imprimer\/\" \/>\n<meta property=\"og:locale\" content=\"fr_FR\" \/>\n<meta property=\"og:type\" content=\"article\" \/>\n<meta property=\"og:title\" content=\"imprimer - Noble Estate - Projektentwicklung\" \/>\n<meta property=\"og:description\" content=\"Mentions l\u00e9gales. Noble Estate GmbH. Sandstrasse 104, 40789 Monheim am Rhein. T\u00e9l. : +49 (0) 2173 9936843. E-mail : info@nobleestate.de. Contact.\" \/>\n<meta property=\"og:url\" content=\"https:\/\/nobleestate.de\/fr\/imprimer\/\" \/>\n<meta property=\"og:site_name\" content=\"Noble Estate - Projektentwicklung\" \/>\n<meta property=\"article:modified_time\" content=\"2022-08-19T11:14:08+00:00\" \/>\n<meta name=\"twitter:card\" content=\"summary_large_image\" \/>\n<meta name=\"twitter:label1\" content=\"Dur\u00e9e de lecture estim\u00e9e\" \/>\n\t<meta name=\"twitter:data1\" content=\"2 minutes\" \/>\n<script type=\"application\/ld+json\" class=\"yoast-schema-graph\">{\"@context\":\"https:\\\/\\\/schema.org\",\"@graph\":[{\"@type\":\"WebPage\",\"@id\":\"https:\\\/\\\/nobleestate.de\\\/fr\\\/imprimer\\\/\",\"url\":\"https:\\\/\\\/nobleestate.de\\\/fr\\\/imprimer\\\/\",\"name\":\"imprimer - Noble Estate - Projektentwicklung\",\"isPartOf\":{\"@id\":\"https:\\\/\\\/nobleestate.de\\\/fr\\\/#website\"},\"datePublished\":\"2022-03-28T06:38:19+00:00\",\"dateModified\":\"2022-08-19T11:14:08+00:00\",\"description\":\"Mentions l\u00e9gales. Noble Estate GmbH. Sandstrasse 104, 40789 Monheim am Rhein. T\u00e9l. : +49 (0) 2173 9936843. E-mail : info@nobleestate.de. Contact.\",\"breadcrumb\":{\"@id\":\"https:\\\/\\\/nobleestate.de\\\/fr\\\/imprimer\\\/#breadcrumb\"},\"inLanguage\":\"fr-FR\",\"potentialAction\":[{\"@type\":\"ReadAction\",\"target\":[\"https:\\\/\\\/nobleestate.de\\\/fr\\\/imprimer\\\/\"]}]},{\"@type\":\"BreadcrumbList\",\"@id\":\"https:\\\/\\\/nobleestate.de\\\/fr\\\/imprimer\\\/#breadcrumb\",\"itemListElement\":[{\"@type\":\"ListItem\",\"position\":1,\"name\":\"Startseite\",\"item\":\"https:\\\/\\\/nobleestate.de\\\/fr\\\/\"},{\"@type\":\"ListItem\",\"position\":2,\"name\":\"imprimer\"}]},{\"@type\":\"WebSite\",\"@id\":\"https:\\\/\\\/nobleestate.de\\\/fr\\\/#website\",\"url\":\"https:\\\/\\\/nobleestate.de\\\/fr\\\/\",\"name\":\"Noble Estate - Projektentwicklung\",\"description\":\"Ihr Traum vom Eigenheim\",\"publisher\":{\"@id\":\"https:\\\/\\\/nobleestate.de\\\/fr\\\/#organization\"},\"potentialAction\":[{\"@type\":\"SearchAction\",\"target\":{\"@type\":\"EntryPoint\",\"urlTemplate\":\"https:\\\/\\\/nobleestate.de\\\/fr\\\/?s={search_term_string}\"},\"query-input\":{\"@type\":\"PropertyValueSpecification\",\"valueRequired\":true,\"valueName\":\"search_term_string\"}}],\"inLanguage\":\"fr-FR\"},{\"@type\":\"Organization\",\"@id\":\"https:\\\/\\\/nobleestate.de\\\/fr\\\/#organization\",\"name\":\"Noble Estate GmbH\",\"url\":\"https:\\\/\\\/nobleestate.de\\\/fr\\\/\",\"logo\":{\"@type\":\"ImageObject\",\"inLanguage\":\"fr-FR\",\"@id\":\"https:\\\/\\\/nobleestate.de\\\/fr\\\/#\\\/schema\\\/logo\\\/image\\\/\",\"url\":\"https:\\\/\\\/nobleestate.de\\\/wp-content\\\/uploads\\\/2022\\\/03\\\/Noble-Estate-Projektentwicklung-1.jpg\",\"contentUrl\":\"https:\\\/\\\/nobleestate.de\\\/wp-content\\\/uploads\\\/2022\\\/03\\\/Noble-Estate-Projektentwicklung-1.jpg\",\"width\":513,\"height\":336,\"caption\":\"Noble Estate GmbH\"},\"image\":{\"@id\":\"https:\\\/\\\/nobleestate.de\\\/fr\\\/#\\\/schema\\\/logo\\\/image\\\/\"}}]}<\/script>\n<!-- \/ Yoast SEO plugin. -->","yoast_head_json":{"title":"imprimer - Noble Estate - Projektentwicklung","description":"Mentions l\u00e9gales. Noble Estate GmbH. Sandstrasse 104, 40789 Monheim am Rhein. T\u00e9l. : +49 (0) 2173 9936843. E-mail : info@nobleestate.de. Contact.","robots":{"index":"index","follow":"follow","max-snippet":"max-snippet:-1","max-image-preview":"max-image-preview:large","max-video-preview":"max-video-preview:-1"},"canonical":"https:\/\/nobleestate.de\/fr\/imprimer\/","og_locale":"fr_FR","og_type":"article","og_title":"imprimer - Noble Estate - Projektentwicklung","og_description":"Mentions l\u00e9gales. Noble Estate GmbH. Sandstrasse 104, 40789 Monheim am Rhein. T\u00e9l. : +49 (0) 2173 9936843. E-mail : info@nobleestate.de. Contact.","og_url":"https:\/\/nobleestate.de\/fr\/imprimer\/","og_site_name":"Noble Estate - Projektentwicklung","article_modified_time":"2022-08-19T11:14:08+00:00","twitter_card":"summary_large_image","twitter_misc":{"Dur\u00e9e de lecture estim\u00e9e":"2 minutes"},"schema":{"@context":"https:\/\/schema.org","@graph":[{"@type":"WebPage","@id":"https:\/\/nobleestate.de\/fr\/imprimer\/","url":"https:\/\/nobleestate.de\/fr\/imprimer\/","name":"imprimer - Noble Estate - Projektentwicklung","isPartOf":{"@id":"https:\/\/nobleestate.de\/fr\/#website"},"datePublished":"2022-03-28T06:38:19+00:00","dateModified":"2022-08-19T11:14:08+00:00","description":"Mentions l\u00e9gales. Noble Estate GmbH. Sandstrasse 104, 40789 Monheim am Rhein. T\u00e9l. : +49 (0) 2173 9936843. E-mail : info@nobleestate.de. Contact.","breadcrumb":{"@id":"https:\/\/nobleestate.de\/fr\/imprimer\/#breadcrumb"},"inLanguage":"fr-FR","potentialAction":[{"@type":"ReadAction","target":["https:\/\/nobleestate.de\/fr\/imprimer\/"]}]},{"@type":"BreadcrumbList","@id":"https:\/\/nobleestate.de\/fr\/imprimer\/#breadcrumb","itemListElement":[{"@type":"ListItem","position":1,"name":"Startseite","item":"https:\/\/nobleestate.de\/fr\/"},{"@type":"ListItem","position":2,"name":"imprimer"}]},{"@type":"WebSite","@id":"https:\/\/nobleestate.de\/fr\/#website","url":"https:\/\/nobleestate.de\/fr\/","name":"Noble Estate - Projektentwicklung","description":"Ihr Traum vom Eigenheim","publisher":{"@id":"https:\/\/nobleestate.de\/fr\/#organization"},"potentialAction":[{"@type":"SearchAction","target":{"@type":"EntryPoint","urlTemplate":"https:\/\/nobleestate.de\/fr\/?s={search_term_string}"},"query-input":{"@type":"PropertyValueSpecification","valueRequired":true,"valueName":"search_term_string"}}],"inLanguage":"fr-FR"},{"@type":"Organization","@id":"https:\/\/nobleestate.de\/fr\/#organization","name":"Noble Estate GmbH","url":"https:\/\/nobleestate.de\/fr\/","logo":{"@type":"ImageObject","inLanguage":"fr-FR","@id":"https:\/\/nobleestate.de\/fr\/#\/schema\/logo\/image\/","url":"https:\/\/nobleestate.de\/wp-content\/uploads\/2022\/03\/Noble-Estate-Projektentwicklung-1.jpg","contentUrl":"https:\/\/nobleestate.de\/wp-content\/uploads\/2022\/03\/Noble-Estate-Projektentwicklung-1.jpg","width":513,"height":336,"caption":"Noble Estate GmbH"},"image":{"@id":"https:\/\/nobleestate.de\/fr\/#\/schema\/logo\/image\/"}}]}},"_links":{"self":[{"href":"https:\/\/nobleestate.de\/fr\/wp-json\/wp\/v2\/pages\/1729","targetHints":{"allow":["GET"]}}],"collection":[{"href":"https:\/\/nobleestate.de\/fr\/wp-json\/wp\/v2\/pages"}],"about":[{"href":"https:\/\/nobleestate.de\/fr\/wp-json\/wp\/v2\/types\/page"}],"author":[{"embeddable":true,"href":"https:\/\/nobleestate.de\/fr\/wp-json\/wp\/v2\/users\/1"}],"replies":[{"embeddable":true,"href":"https:\/\/nobleestate.de\/fr\/wp-json\/wp\/v2\/comments?post=1729"}],"version-history":[{"count":45,"href":"https:\/\/nobleestate.de\/fr\/wp-json\/wp\/v2\/pages\/1729\/revisions"}],"predecessor-version":[{"id":2719,"href":"https:\/\/nobleestate.de\/fr\/wp-json\/wp\/v2\/pages\/1729\/revisions\/2719"}],"wp:attachment":[{"href":"https:\/\/nobleestate.de\/fr\/wp-json\/wp\/v2\/media?parent=1729"}],"curies":[{"name":"wp","href":"https:\/\/api.w.org\/{rel}","templated":true}]}}