{"id":2761,"date":"2022-08-19T16:00:51","date_gmt":"2022-08-19T14:00:51","guid":{"rendered":"https:\/\/nobleestate.de\/formulaire-de-construction\/"},"modified":"2022-08-19T16:00:57","modified_gmt":"2022-08-19T14:00:57","slug":"formulaire-de-construction","status":"publish","type":"page","link":"https:\/\/nobleestate.de\/fr\/formulaire-de-construction\/","title":{"rendered":"formulaire de construction"},"content":{"rendered":"[vc_row type=\u00a0\u00bbin_container\u00a0\u00bb full_screen_row_position=\u00a0\u00bbmiddle\u00a0\u00bb column_margin=\u00a0\u00bbdefault\u00a0\u00bb column_direction=\u00a0\u00bbdefault\u00a0\u00bb column_direction_tablet=\u00a0\u00bbdefault\u00a0\u00bb column_direction_phone=\u00a0\u00bbdefault\u00a0\u00bb scene_position=\u00a0\u00bbcenter\u00a0\u00bb text_color=\u00a0\u00bbdark\u00a0\u00bb text_align=\u00a0\u00bbleft\u00a0\u00bb row_border_radius=\u00a0\u00bbnone\u00a0\u00bb row_border_radius_applies=\u00a0\u00bbbg\u00a0\u00bb overflow=\u00a0\u00bbvisible\u00a0\u00bb overlay_strength=\u00a0\u00bb0.3&Prime; gradient_direction=\u00a0\u00bbleft_to_right\u00a0\u00bb shape_divider_position=\u00a0\u00bbbottom\u00a0\u00bb bg_image_animation=\u00a0\u00bbnone\u00a0\u00bb][vc_column column_padding=\u00a0\u00bbno-extra-padding\u00a0\u00bb column_padding_tablet=\u00a0\u00bbinherit\u00a0\u00bb column_padding_phone=\u00a0\u00bbinherit\u00a0\u00bb column_padding_position=\u00a0\u00bball\u00a0\u00bb column_element_spacing=\u00a0\u00bbdefault\u00a0\u00bb background_color_opacity=\u00a0\u00bb1&Prime; background_hover_color_opacity=\u00a0\u00bb1&Prime; column_shadow=\u00a0\u00bbnone\u00a0\u00bb column_border_radius=\u00a0\u00bbnone\u00a0\u00bb column_link_target=\u00a0\u00bb_self\u00a0\u00bb column_position=\u00a0\u00bbdefault\u00a0\u00bb gradient_direction=\u00a0\u00bbleft_to_right\u00a0\u00bb overlay_strength=\u00a0\u00bb0.3&Prime; width=\u00a0\u00bb1\/1&Prime; tablet_width_inherit=\u00a0\u00bbdefault\u00a0\u00bb tablet_text_alignment=\u00a0\u00bbdefault\u00a0\u00bb phone_text_alignment=\u00a0\u00bbdefault\u00a0\u00bb animation_type=\u00a0\u00bbdefault\u00a0\u00bb bg_image_animation=\u00a0\u00bbnone\u00a0\u00bb border_type=\u00a0\u00bbsimple\u00a0\u00bb column_border_width=\u00a0\u00bbnone\u00a0\u00bb column_border_style=\u00a0\u00bbsolid\u00a0\u00bb]\n<div class=\"wpcf7 no-js\" id=\"wpcf7-f2728-o1\" lang=\"de-DE\" dir=\"ltr\">\n<div class=\"screen-reader-response\"><p role=\"status\" aria-live=\"polite\" aria-atomic=\"true\"><\/p> <ul><\/ul><\/div>\n<form action=\"\/fr\/wp-json\/wp\/v2\/pages\/2761#wpcf7-f2728-o1\" method=\"post\" class=\"wpcf7-form init\" aria-label=\"Kontaktformular\" novalidate=\"novalidate\" data-status=\"init\">\n<div style=\"display: none;\">\n<input type=\"hidden\" name=\"_wpcf7\" value=\"2728\" \/>\n<input type=\"hidden\" name=\"_wpcf7_version\" value=\"5.9.5\" \/>\n<input type=\"hidden\" name=\"_wpcf7_locale\" value=\"de_DE\" \/>\n<input type=\"hidden\" name=\"_wpcf7_unit_tag\" value=\"wpcf7-f2728-o1\" \/>\n<input type=\"hidden\" name=\"_wpcf7_container_post\" value=\"0\" \/>\n<input type=\"hidden\" name=\"_wpcf7_posted_data_hash\" value=\"\" \/>\n<input type=\"hidden\" name=\"_wpcf7_recaptcha_response\" value=\"\" \/>\n<\/div>\n<p><span class=\"wpcf7-form-control-wrap\" data-name=\"Anfrage\"><select class=\"wpcf7-form-control wpcf7-select wpcf7-validates-as-required\" aria-required=\"true\" aria-invalid=\"false\" name=\"Anfrage\"><option value=\"Neubau\">Neubau<\/option><\/select><\/span>\n<\/p>\n<p><label> Dein Name (Pflichtfeld)<br \/>\n<span class=\"wpcf7-form-control-wrap\" data-name=\"your-name\"><input size=\"40\" class=\"wpcf7-form-control wpcf7-text wpcf7-validates-as-required\" aria-required=\"true\" aria-invalid=\"false\" value=\"\" type=\"text\" name=\"your-name\" \/><\/span> <\/label>\n<\/p>\n<p><label> Deine E-Mail-Adresse (Pflichtfeld)<br \/>\n<span class=\"wpcf7-form-control-wrap\" data-name=\"your-email\"><input size=\"40\" class=\"wpcf7-form-control wpcf7-email wpcf7-validates-as-required wpcf7-text wpcf7-validates-as-email\" aria-required=\"true\" aria-invalid=\"false\" value=\"\" type=\"email\" name=\"your-email\" \/><\/span> <\/label>\n<\/p>\n<p><label> Betreff (Pflichtfeld)<br \/>\n<span class=\"wpcf7-form-control-wrap\" data-name=\"your-subject\"><input size=\"40\" class=\"wpcf7-form-control wpcf7-text wpcf7-validates-as-required\" aria-required=\"true\" aria-invalid=\"false\" value=\"\" type=\"text\" name=\"your-subject\" \/><\/span> <\/label>\n<\/p>\n<p><label> Deine Nachricht (Pflichtfeld)<br \/>\n<span class=\"wpcf7-form-control-wrap\" data-name=\"your-message\"><textarea cols=\"40\" rows=\"10\" class=\"wpcf7-form-control wpcf7-textarea wpcf7-validates-as-required\" aria-required=\"true\" aria-invalid=\"false\" name=\"your-message\"><\/textarea><\/span> <\/label>\n<\/p>\n<p><span class=\"wpcf7-form-control-wrap\" data-name=\"Datenschutz\"><span class=\"wpcf7-form-control wpcf7-acceptance optional\"><span class=\"wpcf7-list-item\"><label><input type=\"checkbox\" name=\"Datenschutz\" value=\"1\" aria-invalid=\"false\" \/><span class=\"wpcf7-list-item-label\">hiermit stimme ich der <a href=\"https:\/\/nobleestate.de\/datenschutz\/\">Datenschutzerkl\u00e4rung<\/a> zu.<\/span><\/label><\/span><\/span><\/span>\n<\/p>\n<p><input class=\"wpcf7-form-control wpcf7-submit has-spinner\" type=\"submit\" value=\"Senden\" \/>\n<\/p><div class=\"wpcf7-response-output\" aria-hidden=\"true\"><\/div>\n<\/form>\n<\/div>\n[\/vc_column][\/vc_row]\n","protected":false},"excerpt":{"rendered":"<p>[vc_row type=\u00a0\u00bbin_container\u00a0\u00bb full_screen_row_position=\u00a0\u00bbmiddle\u00a0\u00bb column_margin=\u00a0\u00bbdefault\u00a0\u00bb column_direction=\u00a0\u00bbdefault\u00a0\u00bb column_direction_tablet=\u00a0\u00bbdefault\u00a0\u00bb column_direction_phone=\u00a0\u00bbdefault\u00a0\u00bb scene_position=\u00a0\u00bbcenter\u00a0\u00bb text_color=\u00a0\u00bbdark\u00a0\u00bb text_align=\u00a0\u00bbleft\u00a0\u00bb row_border_radius=\u00a0\u00bbnone\u00a0\u00bb row_border_radius_applies=\u00a0\u00bbbg\u00a0\u00bb overflow=\u00a0\u00bbvisible\u00a0\u00bb overlay_strength=\u00a0\u00bb0.3&Prime; gradient_direction=\u00a0\u00bbleft_to_right\u00a0\u00bb shape_divider_position=\u00a0\u00bbbottom\u00a0\u00bb bg_image_animation=\u00a0\u00bbnone\u00a0\u00bb][vc_column column_padding=\u00a0\u00bbno-extra-padding\u00a0\u00bb column_padding_tablet=\u00a0\u00bbinherit\u00a0\u00bb column_padding_phone=\u00a0\u00bbinherit\u00a0\u00bb column_padding_position=\u00a0\u00bball\u00a0\u00bb column_element_spacing=\u00a0\u00bbdefault\u00a0\u00bb background_color_opacity=\u00a0\u00bb1&Prime; background_hover_color_opacity=\u00a0\u00bb1&Prime; column_shadow=\u00a0\u00bbnone\u00a0\u00bb column_border_radius=\u00a0\u00bbnone\u00a0\u00bb column_link_target=\u00a0\u00bb_self\u00a0\u00bb column_position=\u00a0\u00bbdefault\u00a0\u00bb gradient_direction=\u00a0\u00bbleft_to_right\u00a0\u00bb overlay_strength=\u00a0\u00bb0.3&Prime;&#8230;<\/p>\n","protected":false},"author":3,"featured_media":0,"parent":0,"menu_order":0,"comment_status":"closed","ping_status":"closed","template":"","meta":{"footnotes":""},"class_list":["post-2761","page","type-page","status-publish"],"yoast_head":"<!-- This site is optimized with the Yoast SEO plugin v27.4 - https:\/\/yoast.com\/product\/yoast-seo-wordpress\/ -->\n<title>formulaire de construction - Noble Estate - Projektentwicklung<\/title>\n<meta name=\"description\" content=\"Vous souhaitez construire votre propri\u00e9t\u00e9 \u00e0 partir de z\u00e9ro. Maison individuelle ou immeuble collectif. Demandez d\u00e8s maintenant un entretien sans engagement.\" \/>\n<meta name=\"robots\" content=\"index, follow, max-snippet:-1, max-image-preview:large, max-video-preview:-1\" \/>\n<link rel=\"canonical\" href=\"https:\/\/nobleestate.de\/fr\/formulaire-de-construction\/\" \/>\n<meta property=\"og:locale\" content=\"fr_FR\" \/>\n<meta property=\"og:type\" content=\"article\" \/>\n<meta property=\"og:title\" content=\"formulaire de construction - Noble Estate - Projektentwicklung\" \/>\n<meta property=\"og:description\" content=\"Vous souhaitez construire votre propri\u00e9t\u00e9 \u00e0 partir de z\u00e9ro. Maison individuelle ou immeuble collectif. Demandez d\u00e8s maintenant un entretien sans engagement.\" \/>\n<meta property=\"og:url\" content=\"https:\/\/nobleestate.de\/fr\/formulaire-de-construction\/\" \/>\n<meta property=\"og:site_name\" content=\"Noble Estate - Projektentwicklung\" \/>\n<meta property=\"article:modified_time\" content=\"2022-08-19T14:00:57+00:00\" \/>\n<meta name=\"twitter:card\" content=\"summary_large_image\" \/>\n<meta name=\"twitter:label1\" content=\"Dur\u00e9e de lecture estim\u00e9e\" \/>\n\t<meta name=\"twitter:data1\" content=\"1 minute\" \/>\n<script type=\"application\/ld+json\" class=\"yoast-schema-graph\">{\"@context\":\"https:\\\/\\\/schema.org\",\"@graph\":[{\"@type\":\"WebPage\",\"@id\":\"https:\\\/\\\/nobleestate.de\\\/fr\\\/formulaire-de-construction\\\/\",\"url\":\"https:\\\/\\\/nobleestate.de\\\/fr\\\/formulaire-de-construction\\\/\",\"name\":\"formulaire de construction - Noble Estate - Projektentwicklung\",\"isPartOf\":{\"@id\":\"https:\\\/\\\/nobleestate.de\\\/fr\\\/#website\"},\"datePublished\":\"2022-08-19T14:00:51+00:00\",\"dateModified\":\"2022-08-19T14:00:57+00:00\",\"description\":\"Vous souhaitez construire votre propri\u00e9t\u00e9 \u00e0 partir de z\u00e9ro. Maison individuelle ou immeuble collectif. Demandez d\u00e8s maintenant un entretien sans engagement.\",\"breadcrumb\":{\"@id\":\"https:\\\/\\\/nobleestate.de\\\/fr\\\/formulaire-de-construction\\\/#breadcrumb\"},\"inLanguage\":\"fr-FR\",\"potentialAction\":[{\"@type\":\"ReadAction\",\"target\":[\"https:\\\/\\\/nobleestate.de\\\/fr\\\/formulaire-de-construction\\\/\"]}]},{\"@type\":\"BreadcrumbList\",\"@id\":\"https:\\\/\\\/nobleestate.de\\\/fr\\\/formulaire-de-construction\\\/#breadcrumb\",\"itemListElement\":[{\"@type\":\"ListItem\",\"position\":1,\"name\":\"Startseite\",\"item\":\"https:\\\/\\\/nobleestate.de\\\/fr\\\/\"},{\"@type\":\"ListItem\",\"position\":2,\"name\":\"formulaire de construction\"}]},{\"@type\":\"WebSite\",\"@id\":\"https:\\\/\\\/nobleestate.de\\\/fr\\\/#website\",\"url\":\"https:\\\/\\\/nobleestate.de\\\/fr\\\/\",\"name\":\"Noble Estate - Projektentwicklung\",\"description\":\"Ihr Traum vom Eigenheim\",\"publisher\":{\"@id\":\"https:\\\/\\\/nobleestate.de\\\/fr\\\/#organization\"},\"potentialAction\":[{\"@type\":\"SearchAction\",\"target\":{\"@type\":\"EntryPoint\",\"urlTemplate\":\"https:\\\/\\\/nobleestate.de\\\/fr\\\/?s={search_term_string}\"},\"query-input\":{\"@type\":\"PropertyValueSpecification\",\"valueRequired\":true,\"valueName\":\"search_term_string\"}}],\"inLanguage\":\"fr-FR\"},{\"@type\":\"Organization\",\"@id\":\"https:\\\/\\\/nobleestate.de\\\/fr\\\/#organization\",\"name\":\"Noble Estate GmbH\",\"url\":\"https:\\\/\\\/nobleestate.de\\\/fr\\\/\",\"logo\":{\"@type\":\"ImageObject\",\"inLanguage\":\"fr-FR\",\"@id\":\"https:\\\/\\\/nobleestate.de\\\/fr\\\/#\\\/schema\\\/logo\\\/image\\\/\",\"url\":\"https:\\\/\\\/nobleestate.de\\\/wp-content\\\/uploads\\\/2022\\\/03\\\/Noble-Estate-Projektentwicklung-1.jpg\",\"contentUrl\":\"https:\\\/\\\/nobleestate.de\\\/wp-content\\\/uploads\\\/2022\\\/03\\\/Noble-Estate-Projektentwicklung-1.jpg\",\"width\":513,\"height\":336,\"caption\":\"Noble Estate GmbH\"},\"image\":{\"@id\":\"https:\\\/\\\/nobleestate.de\\\/fr\\\/#\\\/schema\\\/logo\\\/image\\\/\"}}]}<\/script>\n<!-- \/ Yoast SEO plugin. -->","yoast_head_json":{"title":"formulaire de construction - Noble Estate - Projektentwicklung","description":"Vous souhaitez construire votre propri\u00e9t\u00e9 \u00e0 partir de z\u00e9ro. Maison individuelle ou immeuble collectif. Demandez d\u00e8s maintenant un entretien sans engagement.","robots":{"index":"index","follow":"follow","max-snippet":"max-snippet:-1","max-image-preview":"max-image-preview:large","max-video-preview":"max-video-preview:-1"},"canonical":"https:\/\/nobleestate.de\/fr\/formulaire-de-construction\/","og_locale":"fr_FR","og_type":"article","og_title":"formulaire de construction - Noble Estate - Projektentwicklung","og_description":"Vous souhaitez construire votre propri\u00e9t\u00e9 \u00e0 partir de z\u00e9ro. Maison individuelle ou immeuble collectif. Demandez d\u00e8s maintenant un entretien sans engagement.","og_url":"https:\/\/nobleestate.de\/fr\/formulaire-de-construction\/","og_site_name":"Noble Estate - Projektentwicklung","article_modified_time":"2022-08-19T14:00:57+00:00","twitter_card":"summary_large_image","twitter_misc":{"Dur\u00e9e de lecture estim\u00e9e":"1 minute"},"schema":{"@context":"https:\/\/schema.org","@graph":[{"@type":"WebPage","@id":"https:\/\/nobleestate.de\/fr\/formulaire-de-construction\/","url":"https:\/\/nobleestate.de\/fr\/formulaire-de-construction\/","name":"formulaire de construction - Noble Estate - Projektentwicklung","isPartOf":{"@id":"https:\/\/nobleestate.de\/fr\/#website"},"datePublished":"2022-08-19T14:00:51+00:00","dateModified":"2022-08-19T14:00:57+00:00","description":"Vous souhaitez construire votre propri\u00e9t\u00e9 \u00e0 partir de z\u00e9ro. Maison individuelle ou immeuble collectif. Demandez d\u00e8s maintenant un entretien sans engagement.","breadcrumb":{"@id":"https:\/\/nobleestate.de\/fr\/formulaire-de-construction\/#breadcrumb"},"inLanguage":"fr-FR","potentialAction":[{"@type":"ReadAction","target":["https:\/\/nobleestate.de\/fr\/formulaire-de-construction\/"]}]},{"@type":"BreadcrumbList","@id":"https:\/\/nobleestate.de\/fr\/formulaire-de-construction\/#breadcrumb","itemListElement":[{"@type":"ListItem","position":1,"name":"Startseite","item":"https:\/\/nobleestate.de\/fr\/"},{"@type":"ListItem","position":2,"name":"formulaire de construction"}]},{"@type":"WebSite","@id":"https:\/\/nobleestate.de\/fr\/#website","url":"https:\/\/nobleestate.de\/fr\/","name":"Noble Estate - Projektentwicklung","description":"Ihr Traum vom Eigenheim","publisher":{"@id":"https:\/\/nobleestate.de\/fr\/#organization"},"potentialAction":[{"@type":"SearchAction","target":{"@type":"EntryPoint","urlTemplate":"https:\/\/nobleestate.de\/fr\/?s={search_term_string}"},"query-input":{"@type":"PropertyValueSpecification","valueRequired":true,"valueName":"search_term_string"}}],"inLanguage":"fr-FR"},{"@type":"Organization","@id":"https:\/\/nobleestate.de\/fr\/#organization","name":"Noble Estate GmbH","url":"https:\/\/nobleestate.de\/fr\/","logo":{"@type":"ImageObject","inLanguage":"fr-FR","@id":"https:\/\/nobleestate.de\/fr\/#\/schema\/logo\/image\/","url":"https:\/\/nobleestate.de\/wp-content\/uploads\/2022\/03\/Noble-Estate-Projektentwicklung-1.jpg","contentUrl":"https:\/\/nobleestate.de\/wp-content\/uploads\/2022\/03\/Noble-Estate-Projektentwicklung-1.jpg","width":513,"height":336,"caption":"Noble Estate GmbH"},"image":{"@id":"https:\/\/nobleestate.de\/fr\/#\/schema\/logo\/image\/"}}]}},"_links":{"self":[{"href":"https:\/\/nobleestate.de\/fr\/wp-json\/wp\/v2\/pages\/2761","targetHints":{"allow":["GET"]}}],"collection":[{"href":"https:\/\/nobleestate.de\/fr\/wp-json\/wp\/v2\/pages"}],"about":[{"href":"https:\/\/nobleestate.de\/fr\/wp-json\/wp\/v2\/types\/page"}],"author":[{"embeddable":true,"href":"https:\/\/nobleestate.de\/fr\/wp-json\/wp\/v2\/users\/3"}],"replies":[{"embeddable":true,"href":"https:\/\/nobleestate.de\/fr\/wp-json\/wp\/v2\/comments?post=2761"}],"version-history":[{"count":1,"href":"https:\/\/nobleestate.de\/fr\/wp-json\/wp\/v2\/pages\/2761\/revisions"}],"predecessor-version":[{"id":2763,"href":"https:\/\/nobleestate.de\/fr\/wp-json\/wp\/v2\/pages\/2761\/revisions\/2763"}],"wp:attachment":[{"href":"https:\/\/nobleestate.de\/fr\/wp-json\/wp\/v2\/media?parent=2761"}],"curies":[{"name":"wp","href":"https:\/\/api.w.org\/{rel}","templated":true}]}}